{"id":136,"date":"2023-08-18T13:22:45","date_gmt":"2023-08-18T16:22:45","guid":{"rendered":"https:\/\/oncoscan.com.br\/?page_id=136"},"modified":"2023-08-18T13:23:00","modified_gmt":"2023-08-18T16:23:00","slug":"referencias-medicas","status":"publish","type":"page","link":"https:\/\/oncoscan.com.br\/index.php\/referencias-medicas\/","title":{"rendered":"Referencias M\u00e9dicas"},"content":{"rendered":"\n<p>O Oncoscan \u00e9 um aplicativo que auxilia o autocuidado do indiv\u00edduo, ajudando seus usu\u00e1rios a n\u00e3o esquecer de realizar os exames de rastreio para o c\u00e2ncer. Esta ferramenta organiza as informa\u00e7\u00f5es baseadas nos crit\u00e9rios estabelecidos por institui\u00e7\u00f5es governamentais e associa\u00e7\u00f5es m\u00e9dicas que visam promover sa\u00fade.<\/p>\n\n\n\n<h2 class=\"wp-block-heading\">Informa\u00e7\u00f5es Baseadas em Guidelines<\/h2>\n\n\n\n<ul>\n<li><strong>C\u00e2ncer de Mama:<\/strong>&nbsp;Recomenda\u00e7\u00f5es do Minist\u00e9rio da Sa\u00fade do Brasil:&nbsp;<a href=\"https:\/\/www.inca.gov.br\/publicacoes\/livros\/diretrizes-para-deteccao-precoce-do-cancer-de-mama-no-brasil\" target=\"_blank\" rel=\"noreferrer noopener\">Diretrizes para Detec\u00e7\u00e3o Precoce do C\u00e2ncer de Mama<\/a><\/li>\n\n\n\n<li><strong>C\u00e2ncer de Mama:<\/strong>&nbsp;Recomenda\u00e7\u00f5es do Col\u00e9gio Brasileiro de Radiologia e Diagn\u00f3stico por Imagem, da Sociedade Brasileira de Mastologia e da Federa\u00e7\u00e3o Brasileira das Associa\u00e7\u00f5es de Ginecologia e Obstetr\u00edcia:&nbsp;<a href=\"http:\/\/www.rb.org.br\/detalhe_artigo.asp?id=2363&amp;idioma=Portugues\" target=\"_blank\" rel=\"noreferrer noopener\">Rastreamento do C\u00e2ncer de Mama por M\u00e9todos de Imagem<\/a><\/li>\n\n\n\n<li><strong>C\u00e2ncer de Colo Uterino:<\/strong>&nbsp;Rastreio, diagn\u00f3stico e tratamento do c\u00e2ncer de colo do \u00fatero pela FEBRASGO:&nbsp;<a href=\"https:\/\/www.febrasgo.org.br\/media\/k2\/attachments\/05Z-ZDIAGNOySTICOZRASTREIOZEZTRATAMENTOZDOZCAyNCERZDEZCOLOZDEZUyTERO.pdf\" target=\"_blank\" rel=\"noreferrer noopener\">Documento da FEBRASGO<\/a><\/li>\n\n\n\n<li><strong>C\u00e2ncer Colorretal:<\/strong>&nbsp;Diretrizes da Organiza\u00e7\u00e3o Mundial da Sa\u00fade para Detec\u00e7\u00e3o Precoce do C\u00e2ncer Colorretal:&nbsp;<a href=\"https:\/\/www.who.int\/cancer\/detection\/Module3.pdf\" target=\"_blank\" rel=\"noreferrer noopener\">WHO Guide for Effective Programmes<\/a><\/li>\n\n\n\n<li><strong>C\u00e2ncer de Pulm\u00e3o:<\/strong>&nbsp;Estrat\u00e9gia de Rastreio da U.S. Preventive Services:&nbsp;<a href=\"https:\/\/www.uspreventiveservicestaskforce.org\/uspstf\/recommendation\/lung-cancer-screening\" target=\"_blank\" rel=\"noreferrer noopener\">USPSTF Recommendation<\/a><\/li>\n\n\n\n<li><strong>C\u00e2ncer de Pulm\u00e3o:<\/strong>&nbsp;Estrat\u00e9gia de Rastreio da American Cancer Society:&nbsp;<a href=\"https:\/\/www.cancer.org\/health-care-professionals\/american-cancer-society-prevention-early-detection-guidelines\/lung-cancer-screening-guidelines.html\" target=\"_blank\" rel=\"noreferrer noopener\">ACS Guidelines<\/a><\/li>\n\n\n\n<li><strong>C\u00e2ncer de Pr\u00f3stata:<\/strong>&nbsp;Estrat\u00e9gia de Rastreio da U.S. Preventive Services:&nbsp;<a href=\"https:\/\/www.uspreventiveservicestaskforce.org\/uspstf\/recommendation\/prostate-cancer-screening\" target=\"_blank\" rel=\"noreferrer noopener\">USPSTF Recommendation<\/a><\/li>\n\n\n\n<li><strong>C\u00e2ncer de Pr\u00f3stata:<\/strong>&nbsp;Estrat\u00e9gia de Rastreio da American Cancer Society:&nbsp;<a href=\"https:\/\/www.cancer.org\/cancer\/types\/prostate-cancer\/detection-diagnosis-staging\/acs-recommendations.html\" target=\"_blank\" rel=\"noreferrer noopener\">ACS Recommendations<\/a><\/li>\n\n\n\n<li><strong>Melanoma Cut\u00e2neo:<\/strong>&nbsp;Fatores de Risco da American Cancer Society:&nbsp;<a href=\"https:\/\/www.cancer.org\/cancer\/types\/melanoma-skin-cancer\/causes-risks-prevention\/risk-factors.html\" target=\"_blank\" rel=\"noreferrer noopener\">Risk Factors<\/a><\/li>\n<\/ul>\n","protected":false},"excerpt":{"rendered":"<p>O Oncoscan \u00e9 um aplicativo que auxilia o autocuidado do indiv\u00edduo, ajudando seus usu\u00e1rios a n\u00e3o esquecer de realizar os exames de rastreio para o c\u00e2ncer. Esta ferramenta organiza as informa\u00e7\u00f5es baseadas nos crit\u00e9rios estabelecidos por institui\u00e7\u00f5es governamentais e associa\u00e7\u00f5es m\u00e9dicas que visam promover sa\u00fade. Informa\u00e7\u00f5es Baseadas em Guidelines<\/p>\n","protected":false},"author":1,"featured_media":0,"parent":0,"menu_order":0,"comment_status":"closed","ping_status":"closed","template":"","meta":{"site-sidebar-layout":"default","site-content-layout":"","ast-site-content-layout":"","site-content-style":"default","site-sidebar-style":"default","ast-global-header-display":"","ast-banner-title-visibility":"","ast-main-header-display":"","ast-hfb-above-header-display":"","ast-hfb-below-header-display":"","ast-hfb-mobile-header-display":"","site-post-title":"","ast-breadcrumbs-content":"","ast-featured-img":"","footer-sml-layout":"","theme-transparent-header-meta":"","adv-header-id-meta":"","stick-header-meta":"","header-above-stick-meta":"","header-main-stick-meta":"","header-below-stick-meta":"","astra-migrate-meta-layouts":"","footnotes":""},"_links":{"self":[{"href":"https:\/\/oncoscan.com.br\/index.php\/wp-json\/wp\/v2\/pages\/136"}],"collection":[{"href":"https:\/\/oncoscan.com.br\/index.php\/wp-json\/wp\/v2\/pages"}],"about":[{"href":"https:\/\/oncoscan.com.br\/index.php\/wp-json\/wp\/v2\/types\/page"}],"author":[{"embeddable":true,"href":"https:\/\/oncoscan.com.br\/index.php\/wp-json\/wp\/v2\/users\/1"}],"replies":[{"embeddable":true,"href":"https:\/\/oncoscan.com.br\/index.php\/wp-json\/wp\/v2\/comments?post=136"}],"version-history":[{"count":1,"href":"https:\/\/oncoscan.com.br\/index.php\/wp-json\/wp\/v2\/pages\/136\/revisions"}],"predecessor-version":[{"id":137,"href":"https:\/\/oncoscan.com.br\/index.php\/wp-json\/wp\/v2\/pages\/136\/revisions\/137"}],"wp:attachment":[{"href":"https:\/\/oncoscan.com.br\/index.php\/wp-json\/wp\/v2\/media?parent=136"}],"curies":[{"name":"wp","href":"https:\/\/api.w.org\/{rel}","templated":true}]}}