{"id":3,"date":"2023-08-18T09:52:44","date_gmt":"2023-08-18T12:52:44","guid":{"rendered":"https:\/\/oncoscan.com.br\/?page_id=3"},"modified":"2023-08-18T11:22:35","modified_gmt":"2023-08-18T14:22:35","slug":"politica-de-privacidade","status":"publish","type":"page","link":"https:\/\/oncoscan.com.br\/index.php\/politica-de-privacidade\/","title":{"rendered":"Termo"},"content":{"rendered":"\n<p>Termo de Consentimento para Armazenamento de Exames M\u00e9dicos<\/p>\n\n\n\n<p>O presente termo de consentimento tem por objetivo esclarecer aos usu\u00e1rios de nosso aplicativo Oncoscan sobre a coleta, armazenamento e uso dos seus exames m\u00e9dicos, em conformidade com a Lei Geral de Prote\u00e7\u00e3o de Dados (LGPD).<\/p>\n\n\n\n<p><strong>1. Coleta de dados<\/strong><\/p>\n\n\n\n<p>Ao utilizar nosso aplicativo, coletamos informa\u00e7\u00f5es sobre os exames m\u00e9dicos dos usu\u00e1rios. Esses dados ser\u00e3o utilizados para o fim exclusivo de armazenamento e compartilhamento, permitindo-lhes acessar seus exames m\u00e9dicos de forma f\u00e1cil e r\u00e1pida, de forma que a agilidade de acessos tanto por entidades p\u00fablicas ou privadas de sa\u00fade aos exames possam trazer uma constru\u00e7\u00e3o de pol\u00edticas p\u00fablicas de sa\u00fade, bem como melhores estrat\u00e9gias de sa\u00fade.<\/p>\n\n\n\n<p><strong>2. Tratamento de Dados<\/strong><\/p>\n\n\n\n<p>O tratamento dos dados coletados no aplicativo \u00e9 realizado de forma restrita e limitada ao prop\u00f3sito de armazenamento e compartilhamento a terceiros. N\u00f3s asseguramos que as informa\u00e7\u00f5es de nossos usu\u00e1rios ser\u00e3o armazenadas em ambiente seguro e em conformidade com as normas regulat\u00f3rias.<\/p>\n\n\n\n<p><strong>3. Seguran\u00e7a dos dados<\/strong><\/p>\n\n\n\n<p>N\u00f3s adotamos medidas t\u00e9cnicas e organizacionais para garantir a seguran\u00e7a dos dados de nossos usu\u00e1rios, prevenindo incidentes como perda, roubo, acesso n\u00e3o autorizado, destrui\u00e7\u00e3o, altera\u00e7\u00e3o ou vazamento dos mesmos.<\/p>\n\n\n\n<p><strong>4. Compartilhamento de dados<\/strong><\/p>\n\n\n\n<p>Os dados coletados dos usu\u00e1rios em nosso aplicativo ser\u00e1 compartilhado para terceiros, salvo mediante pr\u00e9vio consentimento ou ordem judicial.<\/p>\n\n\n\n<p><strong>5. Direito do titular<\/strong><\/p>\n\n\n\n<p>Os usu\u00e1rios t\u00eam direito a acessar, corrigir, excluir, limitar o tratamento de dados e se opor ao seu tratamento, conforme previsto na LGPD. O usu\u00e1rio pode exercer esses direitos por meio do nosso canal de atendimento, disponibilizado em nosso aplicativo.<\/p>\n\n\n\n<p><strong>6. Prazo de armazenamento<\/strong><\/p>\n\n\n\n<p>O Aplicativo estar\u00e1 em per\u00edodo de teste por um per\u00edodo de 48 (quarenta e oito) meses, sendo que ap\u00f3s este per\u00edodo, os exames m\u00e9dicos ser\u00e3o armazenados por prazo indeterminado, enquanto o usu\u00e1rio utilizar o aplicativo.<\/p>\n\n\n\n<p>Ao utilizar nosso aplicativo, o usu\u00e1rio concorda com os termos aqui descritos, bem como autoriza o armazenamento de seus exames m\u00e9dicos em conformidade com a LGPD. Caso o usu\u00e1rio n\u00e3o concorde com estes termos, ele n\u00e3o dever\u00e1 utilizar nosso aplicativo.<\/p>\n\n\n\n<p>Data: ____\/_____\/_______<\/p>\n\n\n\n<p>Assinatura do Titular: ______________________________<\/p>\n\n\n\n<p>Nome do Titular: ___________________________________<\/p>\n","protected":false},"excerpt":{"rendered":"<p>Termo de Consentimento para Armazenamento de Exames M\u00e9dicos O presente termo de consentimento tem por objetivo esclarecer aos usu\u00e1rios de nosso aplicativo Oncoscan sobre a coleta, armazenamento e uso dos seus exames m\u00e9dicos, em conformidade com a Lei Geral de Prote\u00e7\u00e3o de Dados (LGPD). 1. Coleta de dados Ao utilizar nosso aplicativo, coletamos informa\u00e7\u00f5es sobre &hellip;<\/p>\n<p class=\"read-more\"> <a class=\"\" href=\"https:\/\/oncoscan.com.br\/index.php\/politica-de-privacidade\/\"> <span class=\"screen-reader-text\">Termo<\/span> Leia mais &raquo;<\/a><\/p>\n","protected":false},"author":1,"featured_media":0,"parent":0,"menu_order":0,"comment_status":"closed","ping_status":"open","template":"","meta":{"site-sidebar-layout":"default","site-content-layout":"","ast-site-content-layout":"","site-content-style":"default","site-sidebar-style":"default","ast-global-header-display":"","ast-banner-title-visibility":"","ast-main-header-display":"","ast-hfb-above-header-display":"","ast-hfb-below-header-display":"","ast-hfb-mobile-header-display":"","site-post-title":"","ast-breadcrumbs-content":"","ast-featured-img":"","footer-sml-layout":"","theme-transparent-header-meta":"","adv-header-id-meta":"","stick-header-meta":"","header-above-stick-meta":"","header-main-stick-meta":"","header-below-stick-meta":"","astra-migrate-meta-layouts":"","footnotes":""},"_links":{"self":[{"href":"https:\/\/oncoscan.com.br\/index.php\/wp-json\/wp\/v2\/pages\/3"}],"collection":[{"href":"https:\/\/oncoscan.com.br\/index.php\/wp-json\/wp\/v2\/pages"}],"about":[{"href":"https:\/\/oncoscan.com.br\/index.php\/wp-json\/wp\/v2\/types\/page"}],"author":[{"embeddable":true,"href":"https:\/\/oncoscan.com.br\/index.php\/wp-json\/wp\/v2\/users\/1"}],"replies":[{"embeddable":true,"href":"https:\/\/oncoscan.com.br\/index.php\/wp-json\/wp\/v2\/comments?post=3"}],"version-history":[{"count":3,"href":"https:\/\/oncoscan.com.br\/index.php\/wp-json\/wp\/v2\/pages\/3\/revisions"}],"predecessor-version":[{"id":91,"href":"https:\/\/oncoscan.com.br\/index.php\/wp-json\/wp\/v2\/pages\/3\/revisions\/91"}],"wp:attachment":[{"href":"https:\/\/oncoscan.com.br\/index.php\/wp-json\/wp\/v2\/media?parent=3"}],"curies":[{"name":"wp","href":"https:\/\/api.w.org\/{rel}","templated":true}]}}