{"id":34,"date":"2023-08-18T10:31:42","date_gmt":"2023-08-18T13:31:42","guid":{"rendered":"https:\/\/oncoscan.com.br\/?page_id=34"},"modified":"2023-08-18T13:58:55","modified_gmt":"2023-08-18T16:58:55","slug":"acesso-ao-sistema","status":"publish","type":"page","link":"https:\/\/oncoscan.com.br\/","title":{"rendered":"Inicial"},"content":{"rendered":"\n<div class=\"wp-block-media-text alignwide has-media-on-the-right is-vertically-aligned-center is-style-default has-background\" style=\"background-color:#00ffb724;grid-template-columns:auto 18%\"><div class=\"wp-block-media-text__content\">\n<div class=\"inherit-container-width wp-block-group is-layout-constrained wp-block-group-is-layout-constrained\" style=\"padding-top:2em;padding-right:2em;padding-bottom:2em;padding-left:2em\">\n<p style=\"font-size:36px;line-height:1.2\"><strong>Acesso ao Sistema<\/strong><\/p>\n\n\n\n<div class=\"wp-block-buttons is-layout-flex wp-block-buttons-is-layout-flex\">\n<div class=\"wp-block-button\"><a class=\"wp-block-button__link wp-element-button\" href=\"https:\/\/play.google.com\/store\/apps\/details?id=br.com.oscoscan.paciente\">Aplicativo Android<\/a><\/div>\n\n\n\n<div class=\"wp-block-button\"><a class=\"wp-block-button__link wp-element-button\" href=\"https:\/\/apps.apple.com\/us\/app\/oncoscan\/id6450721207\">Aplicativo iOS<\/a><\/div>\n\n\n\n<div class=\"wp-block-button\"><a class=\"wp-block-button__link wp-element-button\" href=\"https:\/\/servidor1.oncoscan.com.br:8443\/oncoscan\/\">Aplicativo Web<\/a><\/div>\n<\/div>\n<\/div>\n<\/div><figure class=\"wp-block-media-text__media\"><img loading=\"lazy\" decoding=\"async\" width=\"429\" height=\"769\" src=\"https:\/\/oncoscan.com.br\/wp-content\/uploads\/2023\/08\/fone.png\" alt=\"\" class=\"wp-image-124 size-full\" srcset=\"https:\/\/oncoscan.com.br\/wp-content\/uploads\/2023\/08\/fone.png 429w, https:\/\/oncoscan.com.br\/wp-content\/uploads\/2023\/08\/fone-167x300.png 167w\" sizes=\"(max-width: 429px) 100vw, 429px\" \/><\/figure><\/div>\n\n\n\n<div class=\"wp-block-media-text alignwide is-vertically-aligned-center has-white-background-color has-background\" style=\"grid-template-columns:15% auto\"><figure class=\"wp-block-media-text__media\"><img loading=\"lazy\" decoding=\"async\" width=\"512\" height=\"512\" src=\"https:\/\/oncoscan.com.br\/wp-content\/uploads\/2023\/08\/cropped-img_logo2.png\" alt=\"\" class=\"wp-image-19 size-full\" srcset=\"https:\/\/oncoscan.com.br\/wp-content\/uploads\/2023\/08\/cropped-img_logo2.png 512w, https:\/\/oncoscan.com.br\/wp-content\/uploads\/2023\/08\/cropped-img_logo2-300x300.png 300w, https:\/\/oncoscan.com.br\/wp-content\/uploads\/2023\/08\/cropped-img_logo2-150x150.png 150w, https:\/\/oncoscan.com.br\/wp-content\/uploads\/2023\/08\/cropped-img_logo2-270x270.png 270w, https:\/\/oncoscan.com.br\/wp-content\/uploads\/2023\/08\/cropped-img_logo2-192x192.png 192w, https:\/\/oncoscan.com.br\/wp-content\/uploads\/2023\/08\/cropped-img_logo2-180x180.png 180w, https:\/\/oncoscan.com.br\/wp-content\/uploads\/2023\/08\/cropped-img_logo2-32x32.png 32w\" sizes=\"(max-width: 512px) 100vw, 512px\" \/><\/figure><div class=\"wp-block-media-text__content\">\n<div class=\"inherit-container-width wp-block-group is-layout-constrained wp-block-group-is-layout-constrained\" style=\"padding-top:2em;padding-right:2em;padding-bottom:2em;padding-left:2em\">\n<p style=\"font-size:36px;line-height:1.2\">704 mil novos casos de c\u00e2ncer no Brasil<\/p>\n\n\n\n<p class=\"has-extra-small-font-size\">S\u00e3o estimados pelo Instituto Nacional de C\u00e2ncer (INCA) para cada ano do tri\u00eanio 2023-2025, com destaque para as regi\u00f5es Sul e Sudeste, que concentram cerca de 70% da incid\u00eancia.<\/p>\n\n\n\n<p><a href=\"https:\/\/www.gov.br\/inca\/pt-br\/assuntos\/cancer\/numeros\/estimativa\">https:\/\/www.gov.br\/inca\/pt-br\/assuntos\/cancer\/numeros\/estimativa<\/a><\/p>\n<\/div>\n<\/div><\/div>\n\n\n\n<div class=\"wp-block-media-text alignwide has-media-on-the-right is-vertically-aligned-center has-background\" style=\"background-color:#00ffb724;grid-template-columns:auto 15%\"><div class=\"wp-block-media-text__content\">\n<div class=\"inherit-container-width wp-block-group is-layout-constrained wp-block-group-is-layout-constrained\" style=\"padding-top:2em;padding-right:2em;padding-bottom:2em;padding-left:2em\">\n<p class=\"has-extra-small-font-size\">O rastreamento, quando apropriado e estabelecido em um programa organizado, n\u00e3o constitui modalidade diagn\u00f3stica nem assistencial,<\/p>\n\n\n\n<p style=\"font-size:36px;line-height:1.2\">e sim, um direito assegurado do cidad\u00e3o a uma aten\u00e7\u00e3o \u00e0 sa\u00fade de qualidade.<\/p>\n\n\n\n<p><a href=\"https:\/\/bvsms.saude.gov.br\/bvs\/publicacoes\/caderno_atencao_primaria_29_rastreamento.pdf\">https:\/\/bvsms.saude.gov.br\/bvs\/publicacoes\/caderno_atencao_primaria_29_rastreamento.pdf<\/a><\/p>\n<\/div>\n<\/div><figure class=\"wp-block-media-text__media\"><img loading=\"lazy\" decoding=\"async\" width=\"10\" height=\"10\" src=\"https:\/\/oncoscan.com.br\/wp-content\/uploads\/2023\/08\/branco.png\" alt=\"\" class=\"wp-image-152 size-full\"\/><\/figure><\/div>\n\n\n\n<div class=\"wp-block-media-text alignwide is-vertically-aligned-center has-white-background-color has-background\" style=\"grid-template-columns:15% auto\"><figure class=\"wp-block-media-text__media\"><img loading=\"lazy\" decoding=\"async\" width=\"10\" height=\"10\" src=\"https:\/\/oncoscan.com.br\/wp-content\/uploads\/2023\/08\/branco.png\" alt=\"\" class=\"wp-image-152 size-full\"\/><\/figure><div class=\"wp-block-media-text__content\">\n<div class=\"inherit-container-width wp-block-group is-layout-constrained wp-block-group-is-layout-constrained\" style=\"padding-top:2em;padding-right:2em;padding-bottom:2em;padding-left:2em\">\n<p>A Oncoscan \u00e9 desenvolvida com base no levantamento de in\u00fameras pesquisas que convergem em um \u00fanico objetivo<\/p>\n\n\n\n<p style=\"font-size:36px;line-height:1.2\">mais informa\u00e7\u00e3o, preven\u00e7\u00e3o, sa\u00fade e qualidade de vida aos brasileiros.<\/p>\n<\/div>\n<\/div><\/div>\n\n\n\n<p><\/p>\n","protected":false},"excerpt":{"rendered":"","protected":false},"author":1,"featured_media":0,"parent":0,"menu_order":0,"comment_status":"closed","ping_status":"closed","template":"","meta":{"site-sidebar-layout":"default","site-content-layout":"","ast-site-content-layout":"","site-content-style":"default","site-sidebar-style":"default","ast-global-header-display":"","ast-banner-title-visibility":"","ast-main-header-display":"","ast-hfb-above-header-display":"","ast-hfb-below-header-display":"","ast-hfb-mobile-header-display":"","site-post-title":"disabled","ast-breadcrumbs-content":"","ast-featured-img":"","footer-sml-layout":"","theme-transparent-header-meta":"","adv-header-id-meta":"","stick-header-meta":"","header-above-stick-meta":"","header-main-stick-meta":"","header-below-stick-meta":"","astra-migrate-meta-layouts":"","footnotes":""},"_links":{"self":[{"href":"https:\/\/oncoscan.com.br\/index.php\/wp-json\/wp\/v2\/pages\/34"}],"collection":[{"href":"https:\/\/oncoscan.com.br\/index.php\/wp-json\/wp\/v2\/pages"}],"about":[{"href":"https:\/\/oncoscan.com.br\/index.php\/wp-json\/wp\/v2\/types\/page"}],"author":[{"embeddable":true,"href":"https:\/\/oncoscan.com.br\/index.php\/wp-json\/wp\/v2\/users\/1"}],"replies":[{"embeddable":true,"href":"https:\/\/oncoscan.com.br\/index.php\/wp-json\/wp\/v2\/comments?post=34"}],"version-history":[{"count":31,"href":"https:\/\/oncoscan.com.br\/index.php\/wp-json\/wp\/v2\/pages\/34\/revisions"}],"predecessor-version":[{"id":163,"href":"https:\/\/oncoscan.com.br\/index.php\/wp-json\/wp\/v2\/pages\/34\/revisions\/163"}],"wp:attachment":[{"href":"https:\/\/oncoscan.com.br\/index.php\/wp-json\/wp\/v2\/media?parent=34"}],"curies":[{"name":"wp","href":"https:\/\/api.w.org\/{rel}","templated":true}]}}