{"id":95,"date":"2023-08-18T11:35:50","date_gmt":"2023-08-18T14:35:50","guid":{"rendered":"https:\/\/oncoscan.com.br\/?page_id=95"},"modified":"2023-08-18T13:45:29","modified_gmt":"2023-08-18T16:45:29","slug":"usuarios","status":"publish","type":"page","link":"https:\/\/oncoscan.com.br\/index.php\/usuarios\/","title":{"rendered":"Usu\u00e1rios"},"content":{"rendered":"\n<p>M\u00f3dulo destinado a capta\u00e7\u00e3o dos dados referentes a anamnese do usu\u00e1rio, registros dos resultados dos exames realizados.<\/p>\n\n\n\n<p><br>Atrav\u00e9s deste m\u00f3dulo, o sistema ir\u00e1 interagir com o usu\u00e1rio atrav\u00e9s de alertas e notifica\u00e7\u00f5es que permitam que ele mantenha atualizadas suas informa\u00e7\u00f5es para que o rastreio seja mais efetivo, bem como inform\u00e1-lo de poss\u00edveis condutas que poderiam ser indicadas com base na an\u00e1lise de seus dados. Por ser um sistema de rastreio esta ferramenta se restringe a estratificar risco e alertar para situa\u00e7\u00f5es que mere\u00e7am maior aten\u00e7\u00e3o. O diagn\u00f3stico \u00e9 ato m\u00e9dico e deve ser dado pelo m\u00e9dico que faz o acompanhamento do usu\u00e1rio.<\/p>\n\n\n\n<p><br>O Sistema atende a todas as regras e normas definidas pela LGPD (Lei Geral de Prote\u00e7\u00e3o de Dados Pessoais), sendo que a participa\u00e7\u00e3o do usu\u00e1rio \u00e9 volunt\u00e1ria e suas informa\u00e7\u00f5es ser\u00e3o disponibilizadas de acordo com as permiss\u00f5es concedidas por ele.<\/p>\n","protected":false},"excerpt":{"rendered":"<p>M\u00f3dulo destinado a capta\u00e7\u00e3o dos dados referentes a anamnese do usu\u00e1rio, registros dos resultados dos exames realizados. Atrav\u00e9s deste m\u00f3dulo, o sistema ir\u00e1 interagir com o usu\u00e1rio atrav\u00e9s de alertas e notifica\u00e7\u00f5es que permitam que ele mantenha atualizadas suas informa\u00e7\u00f5es para que o rastreio seja mais efetivo, bem como inform\u00e1-lo de poss\u00edveis condutas que poderiam &hellip;<\/p>\n<p class=\"read-more\"> <a class=\"\" href=\"https:\/\/oncoscan.com.br\/index.php\/usuarios\/\"> <span class=\"screen-reader-text\">Usu\u00e1rios<\/span> Leia mais &raquo;<\/a><\/p>\n","protected":false},"author":1,"featured_media":0,"parent":0,"menu_order":0,"comment_status":"closed","ping_status":"closed","template":"","meta":{"site-sidebar-layout":"default","site-content-layout":"","ast-site-content-layout":"","site-content-style":"default","site-sidebar-style":"default","ast-global-header-display":"","ast-banner-title-visibility":"","ast-main-header-display":"","ast-hfb-above-header-display":"","ast-hfb-below-header-display":"","ast-hfb-mobile-header-display":"","site-post-title":"","ast-breadcrumbs-content":"","ast-featured-img":"","footer-sml-layout":"","theme-transparent-header-meta":"","adv-header-id-meta":"","stick-header-meta":"","header-above-stick-meta":"","header-main-stick-meta":"","header-below-stick-meta":"","astra-migrate-meta-layouts":"","footnotes":""},"_links":{"self":[{"href":"https:\/\/oncoscan.com.br\/index.php\/wp-json\/wp\/v2\/pages\/95"}],"collection":[{"href":"https:\/\/oncoscan.com.br\/index.php\/wp-json\/wp\/v2\/pages"}],"about":[{"href":"https:\/\/oncoscan.com.br\/index.php\/wp-json\/wp\/v2\/types\/page"}],"author":[{"embeddable":true,"href":"https:\/\/oncoscan.com.br\/index.php\/wp-json\/wp\/v2\/users\/1"}],"replies":[{"embeddable":true,"href":"https:\/\/oncoscan.com.br\/index.php\/wp-json\/wp\/v2\/comments?post=95"}],"version-history":[{"count":5,"href":"https:\/\/oncoscan.com.br\/index.php\/wp-json\/wp\/v2\/pages\/95\/revisions"}],"predecessor-version":[{"id":161,"href":"https:\/\/oncoscan.com.br\/index.php\/wp-json\/wp\/v2\/pages\/95\/revisions\/161"}],"wp:attachment":[{"href":"https:\/\/oncoscan.com.br\/index.php\/wp-json\/wp\/v2\/media?parent=95"}],"curies":[{"name":"wp","href":"https:\/\/api.w.org\/{rel}","templated":true}]}}