{"id":97,"date":"2023-08-18T11:35:50","date_gmt":"2023-08-18T14:35:50","guid":{"rendered":"https:\/\/oncoscan.com.br\/?page_id=97"},"modified":"2023-08-18T13:42:21","modified_gmt":"2023-08-18T16:42:21","slug":"clinicas","status":"publish","type":"page","link":"https:\/\/oncoscan.com.br\/index.php\/clinicas\/","title":{"rendered":"Cl\u00ednicas"},"content":{"rendered":"\n<p>Este m\u00f3dulo \u00e9 destinado a Clinicas e Laborat\u00f3rios, para que incluam no sistema ONCOSCAN os resultados dos exames que s\u00e3o monitorados pelo Sistema.<br>Esta atualiza\u00e7\u00e3o ser\u00e1 feita apenas para usu\u00e1rios que aderirem ao Programa, sempre respeitando as diretrizes definidas pela LGPD. Com estas informa\u00e7\u00f5es o Sistema ter\u00e1 condi\u00e7\u00f5es de gerar alertas ao usu\u00e1rio sobre poss\u00edveis altera\u00e7\u00f5es que mere\u00e7am sua aten\u00e7\u00e3o.<\/p>\n\n\n\n<p>Esta atualiza\u00e7\u00e3o ser\u00e1 feita de forma automatizada (atrav\u00e9s de acesso disponibilizado pela Oncoscan) ou manual (digita\u00e7\u00e3o \/ upload de resultados feita pela Cl\u00ednica\/Laborat\u00f3rio).<br>Com isto ser\u00e1 poss\u00edvel estabelecer um ranking das Cl\u00ednicas e Laborat\u00f3rio com maior \u00edndice de assertividade em seus exames, criando um padr\u00e3o ONCOSCAN de qualidade para este segmento.<\/p>\n","protected":false},"excerpt":{"rendered":"<p>Este m\u00f3dulo \u00e9 destinado a Clinicas e Laborat\u00f3rios, para que incluam no sistema ONCOSCAN os resultados dos exames que s\u00e3o monitorados pelo Sistema.Esta atualiza\u00e7\u00e3o ser\u00e1 feita apenas para usu\u00e1rios que aderirem ao Programa, sempre respeitando as diretrizes definidas pela LGPD. Com estas informa\u00e7\u00f5es o Sistema ter\u00e1 condi\u00e7\u00f5es de gerar alertas ao usu\u00e1rio sobre poss\u00edveis altera\u00e7\u00f5es &hellip;<\/p>\n<p class=\"read-more\"> <a class=\"\" href=\"https:\/\/oncoscan.com.br\/index.php\/clinicas\/\"> <span class=\"screen-reader-text\">Cl\u00ednicas<\/span> Leia mais &raquo;<\/a><\/p>\n","protected":false},"author":1,"featured_media":0,"parent":0,"menu_order":0,"comment_status":"closed","ping_status":"closed","template":"","meta":{"site-sidebar-layout":"default","site-content-layout":"","ast-site-content-layout":"","site-content-style":"default","site-sidebar-style":"default","ast-global-header-display":"","ast-banner-title-visibility":"","ast-main-header-display":"","ast-hfb-above-header-display":"","ast-hfb-below-header-display":"","ast-hfb-mobile-header-display":"","site-post-title":"","ast-breadcrumbs-content":"","ast-featured-img":"","footer-sml-layout":"","theme-transparent-header-meta":"","adv-header-id-meta":"","stick-header-meta":"","header-above-stick-meta":"","header-main-stick-meta":"","header-below-stick-meta":"","astra-migrate-meta-layouts":"","footnotes":""},"_links":{"self":[{"href":"https:\/\/oncoscan.com.br\/index.php\/wp-json\/wp\/v2\/pages\/97"}],"collection":[{"href":"https:\/\/oncoscan.com.br\/index.php\/wp-json\/wp\/v2\/pages"}],"about":[{"href":"https:\/\/oncoscan.com.br\/index.php\/wp-json\/wp\/v2\/types\/page"}],"author":[{"embeddable":true,"href":"https:\/\/oncoscan.com.br\/index.php\/wp-json\/wp\/v2\/users\/1"}],"replies":[{"embeddable":true,"href":"https:\/\/oncoscan.com.br\/index.php\/wp-json\/wp\/v2\/comments?post=97"}],"version-history":[{"count":2,"href":"https:\/\/oncoscan.com.br\/index.php\/wp-json\/wp\/v2\/pages\/97\/revisions"}],"predecessor-version":[{"id":132,"href":"https:\/\/oncoscan.com.br\/index.php\/wp-json\/wp\/v2\/pages\/97\/revisions\/132"}],"wp:attachment":[{"href":"https:\/\/oncoscan.com.br\/index.php\/wp-json\/wp\/v2\/media?parent=97"}],"curies":[{"name":"wp","href":"https:\/\/api.w.org\/{rel}","templated":true}]}}