{"id":98,"date":"2023-08-18T11:35:50","date_gmt":"2023-08-18T14:35:50","guid":{"rendered":"https:\/\/oncoscan.com.br\/?page_id=98"},"modified":"2023-08-18T13:42:36","modified_gmt":"2023-08-18T16:42:36","slug":"servico-de-saude","status":"publish","type":"page","link":"https:\/\/oncoscan.com.br\/index.php\/servico-de-saude\/","title":{"rendered":"Servi\u00e7os de Sa\u00fade"},"content":{"rendered":"\n<p>M\u00f3dulo destinado aos Servi\u00e7os de Sa\u00fade que ir\u00e1 permitir uma melhor an\u00e1lise e controle dos riscos dos usu\u00e1rios inclu\u00eddos no sistema.<\/p>\n\n\n\n<p>Neste m\u00f3dulo N\u00c3O ser\u00e1 poss\u00edvel verificar individualmente os dados e resultados de exames, apenas a indica\u00e7\u00e3o de que determinado usu\u00e1rio estaria em um grupo de risco com base no seu hist\u00f3rico e na an\u00e1lise dos dados que o sistema permite. Al\u00e9m de alertas sobre a necessidade da realiza\u00e7\u00e3o de exames ou atualiza\u00e7\u00e3o da anamnese do usu\u00e1rio.<\/p>\n","protected":false},"excerpt":{"rendered":"<p>M\u00f3dulo destinado aos Servi\u00e7os de Sa\u00fade que ir\u00e1 permitir uma melhor an\u00e1lise e controle dos riscos dos usu\u00e1rios inclu\u00eddos no sistema. Neste m\u00f3dulo N\u00c3O ser\u00e1 poss\u00edvel verificar individualmente os dados e resultados de exames, apenas a indica\u00e7\u00e3o de que determinado usu\u00e1rio estaria em um grupo de risco com base no seu hist\u00f3rico e na an\u00e1lise &hellip;<\/p>\n<p class=\"read-more\"> <a class=\"\" href=\"https:\/\/oncoscan.com.br\/index.php\/servico-de-saude\/\"> <span class=\"screen-reader-text\">Servi\u00e7os de Sa\u00fade<\/span> Leia mais &raquo;<\/a><\/p>\n","protected":false},"author":1,"featured_media":0,"parent":0,"menu_order":0,"comment_status":"closed","ping_status":"closed","template":"","meta":{"site-sidebar-layout":"default","site-content-layout":"","ast-site-content-layout":"","site-content-style":"default","site-sidebar-style":"default","ast-global-header-display":"","ast-banner-title-visibility":"","ast-main-header-display":"","ast-hfb-above-header-display":"","ast-hfb-below-header-display":"","ast-hfb-mobile-header-display":"","site-post-title":"","ast-breadcrumbs-content":"","ast-featured-img":"","footer-sml-layout":"","theme-transparent-header-meta":"","adv-header-id-meta":"","stick-header-meta":"","header-above-stick-meta":"","header-main-stick-meta":"","header-below-stick-meta":"","astra-migrate-meta-layouts":"","footnotes":""},"_links":{"self":[{"href":"https:\/\/oncoscan.com.br\/index.php\/wp-json\/wp\/v2\/pages\/98"}],"collection":[{"href":"https:\/\/oncoscan.com.br\/index.php\/wp-json\/wp\/v2\/pages"}],"about":[{"href":"https:\/\/oncoscan.com.br\/index.php\/wp-json\/wp\/v2\/types\/page"}],"author":[{"embeddable":true,"href":"https:\/\/oncoscan.com.br\/index.php\/wp-json\/wp\/v2\/users\/1"}],"replies":[{"embeddable":true,"href":"https:\/\/oncoscan.com.br\/index.php\/wp-json\/wp\/v2\/comments?post=98"}],"version-history":[{"count":3,"href":"https:\/\/oncoscan.com.br\/index.php\/wp-json\/wp\/v2\/pages\/98\/revisions"}],"predecessor-version":[{"id":156,"href":"https:\/\/oncoscan.com.br\/index.php\/wp-json\/wp\/v2\/pages\/98\/revisions\/156"}],"wp:attachment":[{"href":"https:\/\/oncoscan.com.br\/index.php\/wp-json\/wp\/v2\/media?parent=98"}],"curies":[{"name":"wp","href":"https:\/\/api.w.org\/{rel}","templated":true}]}}